{"id":13,"date":"2012-10-30T17:30:47","date_gmt":"2012-10-30T17:30:47","guid":{"rendered":"http:\/\/www.confiaruruguay.coop\/Confiarwp\/?page_id=13"},"modified":"2013-03-19T15:45:27","modified_gmt":"2013-03-19T18:45:27","slug":"resena-historica","status":"publish","type":"page","link":"http:\/\/www.confiaruruguay.coop\/site\/?page_id=13","title":{"rendered":"Rese\u00f1a hist\u00f3rica"},"content":{"rendered":"<p><em>Luego de un extenso periodo de gestaci\u00f3n de la idea, el proceso final de consolidaci\u00f3n de la Red se inicia el 30 de noviembre de 2000. Unos pocos meses despu\u00e9s, el 2 de marzo de 2001, se produce la Asamblea Constitutiva de CONFIAR y el nacimiento de una experiencia de integraci\u00f3n cooperativa sin precedentes en nuestro pa\u00eds<\/em>.<\/p>\n<p><span style=\"color: #ff0000;\"><strong><span style=\"color: #000000;\">Antecedentes<\/span><br \/>\n<\/strong><\/span><br \/>\nCONFIAR (Cooperativas Nacionales Financieras Aliadas en Red) es una alianza de cooperativas, que ratificando su compromiso con los principios y valores cooperativos y respetando la autonom\u00eda de cada instituci\u00f3n, resuelve unificar sus estrategias, transform\u00e1ndose en una red cooperativa que posibilite maximizar sus posibilidades; proporcionando complementariedades rec\u00edprocas, con el objetivo de servir m\u00e1s y mejor a sus asociados.<br \/>\nSi bien en nuestro pa\u00eds siempre ha existido una fuerte tradici\u00f3n integracionista (federaciones, confederaciones, etc.) nunca se hab\u00eda llevado a cabo una iniciativa de este tipo.<\/p>\n<p>En el Uruguay es un proyecto totalmente innovador, por ser la primera experiencia integradora donde participar\u00e1n en forma conjunta, Cooperativas de larga trayectoria y reconocido aporte social; formando una nueva entidad capaz de fortalecer a\u00fan m\u00e1s el compromiso individual de cada una de ellas, el que ahora ha sido asumido de forma conjunta. Nuestra experiencia no es m\u00e1s que una respuesta ante la bancarizaci\u00f3n ascendente, globalizaci\u00f3n mediante, y a la alta competencia con la banca nacional e internacional. Tambi\u00e9n las exigencias de u mercado cada vez m\u00e1s tecnificado y los cambios en la normativa vigente, contribuyeron a la toma de tan importante decisi\u00f3n.<\/p>\n<p><strong>Nacemos como una alianza <\/strong><\/p>\n<p>Una alianza es una relaci\u00f3n entre empresas que cooperan para lograr ganancia mutua. Existen para la formaci\u00f3n de la alianza, m\u00e1s all\u00e1 de la voluntad que es imprescindible, determinados atributos que la hacen viable y perdurable.<br \/>\nObjetivos comunes y compartidos, necesidad mutua, neneficios y riesgos compartidos, flexibilidad conjunta. Todos estos atributos son esenciales en una alianza, pero el elemento de mayor peso que es lo que solidifica, integra y la hace exitosa es el CONFIAR.<\/p>\n","protected":false},"excerpt":{"rendered":"<p>Luego de un extenso periodo de gestaci\u00f3n de la idea, el proceso final de consolidaci\u00f3n de la Red se inicia el 30 de noviembre de 2000. Unos pocos meses despu\u00e9s, el 2 de marzo de 2001, se produce la Asamblea Constitutiva de CONFIAR y el nacimiento de una experiencia de integraci\u00f3n cooperativa sin precedentes en [&hellip;]<\/p>\n","protected":false},"author":5,"featured_media":0,"parent":2,"menu_order":0,"comment_status":"open","ping_status":"open","template":"","meta":{"footnotes":""},"class_list":["post-13","page","type-page","status-publish","hentry"],"_links":{"self":[{"href":"http:\/\/www.confiaruruguay.coop\/site\/index.php?rest_route=\/wp\/v2\/pages\/13","targetHints":{"allow":["GET"]}}],"collection":[{"href":"http:\/\/www.confiaruruguay.coop\/site\/index.php?rest_route=\/wp\/v2\/pages"}],"about":[{"href":"http:\/\/www.confiaruruguay.coop\/site\/index.php?rest_route=\/wp\/v2\/types\/page"}],"author":[{"embeddable":true,"href":"http:\/\/www.confiaruruguay.coop\/site\/index.php?rest_route=\/wp\/v2\/users\/5"}],"replies":[{"embeddable":true,"href":"http:\/\/www.confiaruruguay.coop\/site\/index.php?rest_route=%2Fwp%2Fv2%2Fcomments&post=13"}],"version-history":[{"count":4,"href":"http:\/\/www.confiaruruguay.coop\/site\/index.php?rest_route=\/wp\/v2\/pages\/13\/revisions"}],"predecessor-version":[{"id":120,"href":"http:\/\/www.confiaruruguay.coop\/site\/index.php?rest_route=\/wp\/v2\/pages\/13\/revisions\/120"}],"up":[{"embeddable":true,"href":"http:\/\/www.confiaruruguay.coop\/site\/index.php?rest_route=\/wp\/v2\/pages\/2"}],"wp:attachment":[{"href":"http:\/\/www.confiaruruguay.coop\/site\/index.php?rest_route=%2Fwp%2Fv2%2Fmedia&parent=13"}],"curies":[{"name":"wp","href":"https:\/\/api.w.org\/{rel}","templated":true}]}}