{"id":15,"date":"2012-10-30T17:31:36","date_gmt":"2012-10-30T17:31:36","guid":{"rendered":"http:\/\/www.confiaruruguay.coop\/Confiarwp\/?page_id=15"},"modified":"2021-09-23T13:44:43","modified_gmt":"2021-09-23T16:44:43","slug":"mision-y-vision","status":"publish","type":"page","link":"http:\/\/www.confiaruruguay.coop\/site\/?page_id=15","title":{"rendered":"Misi\u00f3n y Visi\u00f3n"},"content":{"rendered":"\n<p><strong>Misi\u00f3n:<\/strong><\/p>\n\n\n\n<p>Somos una experiencia integradora que, a trav\u00e9s de la intercooperaci\u00f3n, potencia el desarrollo de sus miembros y del movimiento cooperativo en su conjunto.<\/p>\n\n\n\n<p><strong>Visi\u00f3n:<\/strong><\/p>\n\n\n\n<p>Ser la red financiera referente del cooperativismo en Uruguay, ejemplo de acciones e incidencia en defensa del movimiento, reconocidos por la sinergia entre sus miembros y la calidad de sus servicios.<\/p>\n\n\n\n<p><strong>Pol\u00edticas:<\/strong><\/p>\n\n\n\n<ul class=\"wp-block-list\"><li>Fomentamos los principios y valores universales del cooperativismo.<\/li><li>Incidimos en la creaci\u00f3n de pol\u00edticas y normativas en defensa de los intereses de los asociados y del sistema cooperativo.<\/li><li>Impulsamos el desarrollo y la innovaci\u00f3n en la prestaci\u00f3n de servicios.<\/li><\/ul>\n\n\n\n<p><strong>Compromisos:<\/strong><\/p>\n\n\n\n<ul class=\"wp-block-list\"><li>Con el crecimiento institucional.<\/li><li>Con la vocaci\u00f3n de servicio, la pertenencia y la unidad en la acci\u00f3n.<\/li><li>Con el desarrollo social y el cuidado del medio ambiente<\/li><\/ul>\n\n\n\n<p><\/p>\n","protected":false},"excerpt":{"rendered":"<p>Misi\u00f3n: Somos una experiencia integradora que, a trav\u00e9s de la intercooperaci\u00f3n, potencia el desarrollo de sus miembros y del movimiento cooperativo en su conjunto. Visi\u00f3n: Ser la red financiera referente del cooperativismo en Uruguay, ejemplo de acciones e incidencia en defensa del movimiento, reconocidos por la sinergia entre sus miembros y la calidad de sus [&hellip;]<\/p>\n","protected":false},"author":5,"featured_media":0,"parent":2,"menu_order":2,"comment_status":"open","ping_status":"open","template":"","meta":{"footnotes":""},"class_list":["post-15","page","type-page","status-publish","hentry"],"_links":{"self":[{"href":"http:\/\/www.confiaruruguay.coop\/site\/index.php?rest_route=\/wp\/v2\/pages\/15","targetHints":{"allow":["GET"]}}],"collection":[{"href":"http:\/\/www.confiaruruguay.coop\/site\/index.php?rest_route=\/wp\/v2\/pages"}],"about":[{"href":"http:\/\/www.confiaruruguay.coop\/site\/index.php?rest_route=\/wp\/v2\/types\/page"}],"author":[{"embeddable":true,"href":"http:\/\/www.confiaruruguay.coop\/site\/index.php?rest_route=\/wp\/v2\/users\/5"}],"replies":[{"embeddable":true,"href":"http:\/\/www.confiaruruguay.coop\/site\/index.php?rest_route=%2Fwp%2Fv2%2Fcomments&post=15"}],"version-history":[{"count":6,"href":"http:\/\/www.confiaruruguay.coop\/site\/index.php?rest_route=\/wp\/v2\/pages\/15\/revisions"}],"predecessor-version":[{"id":580,"href":"http:\/\/www.confiaruruguay.coop\/site\/index.php?rest_route=\/wp\/v2\/pages\/15\/revisions\/580"}],"up":[{"embeddable":true,"href":"http:\/\/www.confiaruruguay.coop\/site\/index.php?rest_route=\/wp\/v2\/pages\/2"}],"wp:attachment":[{"href":"http:\/\/www.confiaruruguay.coop\/site\/index.php?rest_route=%2Fwp%2Fv2%2Fmedia&parent=15"}],"curies":[{"name":"wp","href":"https:\/\/api.w.org\/{rel}","templated":true}]}}