{"id":17,"date":"2012-10-30T17:32:20","date_gmt":"2012-10-30T17:32:20","guid":{"rendered":"http:\/\/www.confiaruruguay.coop\/Confiarwp\/?page_id=17"},"modified":"2012-10-30T17:32:20","modified_gmt":"2012-10-30T17:32:20","slug":"perfil-institucional","status":"publish","type":"page","link":"http:\/\/www.confiaruruguay.coop\/site\/?page_id=17","title":{"rendered":"Perfil Institucional"},"content":{"rendered":"<p><strong>El socio y la integraci\u00f3n<\/strong><\/p>\n<p>La red ha trabajado incansablemente no s\u00f3lo para que la calidad de vida de sus socios mejore cada d\u00eda, sino que ha priorizado el concepto de que la organizaci\u00f3n debe estar centrada en la persona del socio cooperativista.<br \/>\nEste enfoque resulta medular, puesto que orienta a CONFIAR directamente hacia las necesidades y expectativas de la gente. No es ya la prestaci\u00f3n del servicio por el servicio, sino que \u00e9stos se brindan pensando en el m\u00e1ximo grado de satisfacci\u00f3n del socio.<\/p>\n<p>Hemos comprendido que este camino es la mejor forma de llevar a la pr\u00e1ctica el principio de cooperaci\u00f3n entre las Cooperativas y ha sido nuestra gran oportunidad de transformar nuestros valores en realidades. La integraci\u00f3n e interacci\u00f3n son tambi\u00e9n nuestros anhelos\u2026.de ellos depende el futuro movimiento cooperativo en su conjunto.<\/p>\n","protected":false},"excerpt":{"rendered":"<p>El socio y la integraci\u00f3n La red ha trabajado incansablemente no s\u00f3lo para que la calidad de vida de sus socios mejore cada d\u00eda, sino que ha priorizado el concepto de que la organizaci\u00f3n debe estar centrada en la persona del socio cooperativista. Este enfoque resulta medular, puesto que orienta a CONFIAR directamente hacia las [&hellip;]<\/p>\n","protected":false},"author":5,"featured_media":0,"parent":2,"menu_order":3,"comment_status":"open","ping_status":"open","template":"","meta":{"footnotes":""},"class_list":["post-17","page","type-page","status-publish","hentry"],"_links":{"self":[{"href":"http:\/\/www.confiaruruguay.coop\/site\/index.php?rest_route=\/wp\/v2\/pages\/17","targetHints":{"allow":["GET"]}}],"collection":[{"href":"http:\/\/www.confiaruruguay.coop\/site\/index.php?rest_route=\/wp\/v2\/pages"}],"about":[{"href":"http:\/\/www.confiaruruguay.coop\/site\/index.php?rest_route=\/wp\/v2\/types\/page"}],"author":[{"embeddable":true,"href":"http:\/\/www.confiaruruguay.coop\/site\/index.php?rest_route=\/wp\/v2\/users\/5"}],"replies":[{"embeddable":true,"href":"http:\/\/www.confiaruruguay.coop\/site\/index.php?rest_route=%2Fwp%2Fv2%2Fcomments&post=17"}],"version-history":[{"count":1,"href":"http:\/\/www.confiaruruguay.coop\/site\/index.php?rest_route=\/wp\/v2\/pages\/17\/revisions"}],"predecessor-version":[{"id":18,"href":"http:\/\/www.confiaruruguay.coop\/site\/index.php?rest_route=\/wp\/v2\/pages\/17\/revisions\/18"}],"up":[{"embeddable":true,"href":"http:\/\/www.confiaruruguay.coop\/site\/index.php?rest_route=\/wp\/v2\/pages\/2"}],"wp:attachment":[{"href":"http:\/\/www.confiaruruguay.coop\/site\/index.php?rest_route=%2Fwp%2Fv2%2Fmedia&parent=17"}],"curies":[{"name":"wp","href":"https:\/\/api.w.org\/{rel}","templated":true}]}}