{"id":5,"date":"2012-10-30T16:58:47","date_gmt":"2012-10-30T16:58:47","guid":{"rendered":"http:\/\/www.confiaruruguay.coop\/Confiarwp\/?page_id=5"},"modified":"2018-05-23T22:13:48","modified_gmt":"2018-05-24T01:13:48","slug":"actividades","status":"publish","type":"page","link":"http:\/\/www.confiaruruguay.coop\/site\/?page_id=5","title":{"rendered":"Servicios"},"content":{"rendered":"<ul>\n<li>Gesti\u00f3n de cr\u00e9ditos financieros con garant\u00edas rec\u00edprocas.<\/li>\n<li>Representar los intereses comunes y particulares de sus asociadas.<\/li>\n<li>Mesa de dinero<\/li>\n<li>Asistencia financiera rec\u00edproca<\/li>\n<li>Econom\u00eda de Escala\n<ul>\n<li>Asesoramientos jur\u00eddicos<\/li>\n<li>Compras en com\u00fan<\/li>\n<li>Asistencia T\u00e9cnica rec\u00edproca<\/li>\n<\/ul>\n<\/li>\n<\/ul>\n","protected":false},"excerpt":{"rendered":"<p>Gesti\u00f3n de cr\u00e9ditos financieros con garant\u00edas rec\u00edprocas. Representar los intereses comunes y particulares de sus asociadas. Mesa de dinero Asistencia financiera rec\u00edproca Econom\u00eda de Escala Asesoramientos jur\u00eddicos Compras en com\u00fan Asistencia T\u00e9cnica rec\u00edproca<\/p>\n","protected":false},"author":5,"featured_media":0,"parent":0,"menu_order":2,"comment_status":"open","ping_status":"open","template":"","meta":{"footnotes":""},"class_list":["post-5","page","type-page","status-publish","hentry"],"_links":{"self":[{"href":"http:\/\/www.confiaruruguay.coop\/site\/index.php?rest_route=\/wp\/v2\/pages\/5","targetHints":{"allow":["GET"]}}],"collection":[{"href":"http:\/\/www.confiaruruguay.coop\/site\/index.php?rest_route=\/wp\/v2\/pages"}],"about":[{"href":"http:\/\/www.confiaruruguay.coop\/site\/index.php?rest_route=\/wp\/v2\/types\/page"}],"author":[{"embeddable":true,"href":"http:\/\/www.confiaruruguay.coop\/site\/index.php?rest_route=\/wp\/v2\/users\/5"}],"replies":[{"embeddable":true,"href":"http:\/\/www.confiaruruguay.coop\/site\/index.php?rest_route=%2Fwp%2Fv2%2Fcomments&post=5"}],"version-history":[{"count":4,"href":"http:\/\/www.confiaruruguay.coop\/site\/index.php?rest_route=\/wp\/v2\/pages\/5\/revisions"}],"predecessor-version":[{"id":284,"href":"http:\/\/www.confiaruruguay.coop\/site\/index.php?rest_route=\/wp\/v2\/pages\/5\/revisions\/284"}],"wp:attachment":[{"href":"http:\/\/www.confiaruruguay.coop\/site\/index.php?rest_route=%2Fwp%2Fv2%2Fmedia&parent=5"}],"curies":[{"name":"wp","href":"https:\/\/api.w.org\/{rel}","templated":true}]}}